{"id":26,"date":"2025-04-28T11:08:17","date_gmt":"2025-04-28T09:08:17","guid":{"rendered":"https:\/\/foto.geof.unizg.hr\/rs4risk\/?page_id=26"},"modified":"2025-04-29T12:42:43","modified_gmt":"2025-04-29T10:42:43","slug":"istrazivaci","status":"publish","type":"page","link":"https:\/\/rs4risk.geof.hr\/index.php\/istrazivaci\/","title":{"rendered":"Istra\u017eiva\u010di"},"content":{"rendered":"\n<div class=\"wp-block-group is-layout-constrained wp-container-core-group-is-layout-704e782a wp-block-group-is-layout-constrained\">\n<div class=\"wp-block-columns is-layout-flex wp-container-core-columns-is-layout-28f84493 wp-block-columns-is-layout-flex\">\n<div class=\"wp-block-column is-layout-flow wp-block-column-is-layout-flow\" style=\"flex-basis:250px\">\n<figure class=\"wp-block-image size-full is-resized is-style-rounded\"><img decoding=\"async\" src=\"https:\/\/foto.geof.unizg.hr\/mygreenyard\/wp-content\/uploads\/2025\/04\/MG.jpeg\" alt=\"\" class=\"wp-image-142\" style=\"width:250px\"\/><\/figure>\n<\/div>\n\n\n\n<div class=\"wp-block-column is-layout-flow wp-block-column-is-layout-flow\" style=\"flex-basis:700px\">\n<div class=\"wp-block-uagb-advanced-heading uagb-block-bb608892\"><h2 class=\"uagb-heading-text\">izv. prof. dr. sc.&nbsp;Mateo&nbsp;Ga\u0161parovi\u0107<\/h2><\/div>\n\n\n\n<p>Voditelj projekta i vode\u0107i stru\u010dnjak za razvoj algoritma i prototipa<\/p>\n\n\n\n<p>Geodetski fakultet &#8211; Sveu\u010dili\u0161te u Zagrebu<\/p>\n\n\n\n<figure class=\"wp-block-image size-large is-resized\"><img decoding=\"async\" src=\"https:\/\/foto.geof.unizg.hr\/mygreenyard\/wp-content\/uploads\/2025\/04\/geof_unizg_grb-1024x502.png\" alt=\"\" class=\"wp-image-73\" style=\"width:300px\"\/><\/figure>\n\n\n\n<p><a href=\"mailto:mgasparovic@geof.unizg.hr\">mateo.gasparovic@geof.unizg.hr<\/a><\/p>\n\n\n\n<p>Dr. sc. Mateo Ga\u0161parovi\u0107 je izvanredni profesor na Katedri za fotogrametriju i daljinsku detekciju na Geodetskom fakultetu. Trenutno je prodekan za nastavu i studente na Geodetskom fakultetu. Ro\u0111en je u Rijeci, Republika Hrvatska. Diplomirao je na Geodetskom fakultetu Sveu\u010dili\u0161ta u Zagrebu 2009. godine. Akademski naziv doktora tehni\u010dkih znanosti stekao je 2015. na Geodetskom fakultetu Sveu\u010dili\u0161ta u Zagrebu s doktorskom disertacijom Radiometrijsko izjedna\u010denje tekstura fotorealisti\u010dnih 3D modela. Podru\u010dje njegove stru\u010dnosti je razvoj algoritama daljinskih istra\u017eivanja, primjena daljinskih istra\u017eivanja u \u0161umarstvu, GIS i analiza prostornih podataka itd. Sudjelovao je u vi\u0161e od 15 znanstvenih projekata Geodetskog fakulteta i voditelj je znanstvenog projekta \u201eNapredne metode fotogrametrije i daljinskih istra\u017eivanja za pra\u0107enje promjena u okoli\u0161u (RS4ENVIRO)\u201d financirano od strane Sveu\u010dili\u0161ta u Zagrebu, \u201eAutomatsko pra\u0107enje \u0161uma uskolisnog jasena (Fraxinus angustifolia Vahl) metodama daljinskog istra\u017eivanja i podataka Copernicus (RS4EST)\u201c, financirano od strane ESA-e. Kao autor i koautor, objavio je vi\u0161e od 45 znanstvenih radova objavljenih u znanstvenim \u010dasopisima indeksiranim u Web of Science Core Collection (WoSCC), od \u010dega 20 u \u010dasopisima Q1. Recenzent je preko 220 radova u 25 znanstvenih \u010dasopisa, od \u010dega preko 100 u \u010dasopisima Q1.<\/p>\n<\/div>\n<\/div>\n<\/div>\n\n\n\n<div class=\"wp-block-group is-layout-constrained wp-container-core-group-is-layout-704e782a wp-block-group-is-layout-constrained\">\n<div class=\"wp-block-columns is-layout-flex wp-container-core-columns-is-layout-28f84493 wp-block-columns-is-layout-flex\">\n<div class=\"wp-block-column is-layout-flow wp-block-column-is-layout-flow\" style=\"flex-basis:250px\">\n<figure class=\"wp-block-image size-full is-resized is-style-rounded\"><img loading=\"lazy\" decoding=\"async\" width=\"512\" height=\"512\" src=\"https:\/\/foto.geof.unizg.hr\/rs4risk\/wp-content\/uploads\/2025\/04\/Mario-Uros.jpg\" alt=\"\" class=\"wp-image-108\" style=\"width:250px\" srcset=\"https:\/\/rs4risk.geof.hr\/wp-content\/uploads\/2025\/04\/Mario-Uros.jpg 512w, https:\/\/rs4risk.geof.hr\/wp-content\/uploads\/2025\/04\/Mario-Uros-300x300.jpg 300w, https:\/\/rs4risk.geof.hr\/wp-content\/uploads\/2025\/04\/Mario-Uros-150x150.jpg 150w\" sizes=\"auto, (max-width: 512px) 100vw, 512px\" \/><\/figure>\n<\/div>\n\n\n\n<div class=\"wp-block-column is-layout-flow wp-block-column-is-layout-flow\" style=\"flex-basis:700px\">\n<div class=\"wp-block-uagb-advanced-heading uagb-block-9827fcec\"><h2 class=\"uagb-heading-text\">Assoc. Prof.&nbsp;Mario Uro\u0161<\/h2><\/div>\n\n\n\n<p class=\"has-ast-global-color-6-color has-text-color has-link-color wp-elements-55e691fda7c91c6ad10147da7ced8515\">Vode\u0107i znanstvenik za procjenu rizika, statisti\u010dku analizu i validaciju<\/p>\n\n\n\n<p>Gra\u0111evinski fakultet &#8211; Sveu\u010dili\u0161te u Zagrebu<\/p>\n\n\n\n<figure class=\"wp-block-image size-full is-resized\"><img loading=\"lazy\" decoding=\"async\" width=\"352\" height=\"227\" src=\"https:\/\/foto.geof.unizg.hr\/rs4risk\/wp-content\/uploads\/2025\/04\/gradevina-bez-pozadine.png\" alt=\"\" class=\"wp-image-84\" style=\"width:300px\" srcset=\"https:\/\/rs4risk.geof.hr\/wp-content\/uploads\/2025\/04\/gradevina-bez-pozadine.png 352w, https:\/\/rs4risk.geof.hr\/wp-content\/uploads\/2025\/04\/gradevina-bez-pozadine-300x193.png 300w\" sizes=\"auto, (max-width: 352px) 100vw, 352px\" \/><\/figure>\n\n\n\n<p><a href=\"mailto:zelene.price@gmail.com\"><\/a><a href=\"javascript:startMail('nzve.behfbt@ne.qahmv.teu');\">mario.uros@grad.unizg.hr<\/a><\/p>\n\n\n\n<p>Dr. sc. Mario Uro\u0161, izvanredni je profesor na Zavodu za tehni\u010dku mehaniku na Gra\u0111evinskom fakultetu (GF). Ro\u0111en je 1982. u Dubrovniku. Studirao je na GF-u u Zagrebu, gdje je 2006. diplomirao gra\u0111evinsko in\u017eenjerstvo. Radi na GF-u Sveu\u010dili\u0161ta u Zagrebu kao izvanredni profesor na Zavodu za tehni\u010dku mehaniku. U svom znanstvenom radu radi u \u0161irem podru\u010dju numeri\u010dkog modeliranja, dinamike i stabilnosti konstrukcija te seizmi\u010dkog in\u017eenjerstva. Sudjeluje u mnogim znanstvenim projektima. \u010clan je tima koji je pripremio A\u017euriranu procjenu rizika od katastrofa za Republiku Hrvatsku &#8211; procjena rizika od potresa. Trenutno je voditelj istra\u017eiva\u010dkog projekta osnivanja Hrvatske zaklade za znanost, &#8220;Novi modeli ranjivosti tipi\u010dnih zgrada u urbanim podru\u010djima: primjena u procjeni seizmi\u010dkog rizika i metodologiji ciljane sanacije&#8221;. Bio je jedan od koordinatora procjena brze \u0161tete na zgradama od strane gra\u0111evinskih in\u017eenjera nakon potresa u Zagrebu u o\u017eujku 2020. i Petrinji u prosincu 2020. Dobitnik je nekoliko nagrada, uklju\u010duju\u0107i Medalju grada Zagreba i nagradu Hrvatske komore gra\u0111evinskih in\u017eenjera &#8220;Kolos&#8221; 2020. za doprinos aktivnostima nakon potresa.<\/p>\n<\/div>\n<\/div>\n<\/div>\n\n\n\n<div class=\"wp-block-group is-layout-constrained wp-container-core-group-is-layout-704e782a wp-block-group-is-layout-constrained\">\n<div class=\"wp-block-columns is-layout-flex wp-container-core-columns-is-layout-28f84493 wp-block-columns-is-layout-flex\">\n<div class=\"wp-block-column is-layout-flow wp-block-column-is-layout-flow\" style=\"flex-basis:250px\">\n<figure class=\"wp-block-image size-full is-resized is-style-rounded\"><img loading=\"lazy\" decoding=\"async\" width=\"2560\" height=\"2382\" src=\"https:\/\/foto.geof.unizg.hr\/rs4risk\/wp-content\/uploads\/2025\/04\/josip-atalic-scaled.jpg\" alt=\"\" class=\"wp-image-109\" style=\"width:250px\" srcset=\"https:\/\/rs4risk.geof.hr\/wp-content\/uploads\/2025\/04\/josip-atalic-scaled.jpg 2560w, https:\/\/rs4risk.geof.hr\/wp-content\/uploads\/2025\/04\/josip-atalic-300x279.jpg 300w, https:\/\/rs4risk.geof.hr\/wp-content\/uploads\/2025\/04\/josip-atalic-1024x953.jpg 1024w, https:\/\/rs4risk.geof.hr\/wp-content\/uploads\/2025\/04\/josip-atalic-768x714.jpg 768w, https:\/\/rs4risk.geof.hr\/wp-content\/uploads\/2025\/04\/josip-atalic-1536x1429.jpg 1536w, https:\/\/rs4risk.geof.hr\/wp-content\/uploads\/2025\/04\/josip-atalic-2048x1905.jpg 2048w\" sizes=\"auto, (max-width: 2560px) 100vw, 2560px\" \/><\/figure>\n<\/div>\n\n\n\n<div class=\"wp-block-column is-layout-flow wp-block-column-is-layout-flow\" style=\"flex-basis:700px\">\n<div class=\"wp-block-uagb-advanced-heading uagb-block-64d94c5b\"><h2 class=\"uagb-heading-text\">Assoc. Prof.&nbsp;Josip Atali\u0107<\/h2><\/div>\n\n\n\n<p class=\"has-ast-global-color-6-color has-text-color has-link-color wp-elements-ea228f4ed7d410c305ae0ea9787e6ed2\">Stru\u010dnjak za procjenu rizika<\/p>\n\n\n\n<p>Gra\u0111evinski fakultet &#8211; Sveu\u010dili\u0161te u Zagrebu<\/p>\n\n\n\n<figure class=\"wp-block-image size-full is-resized\"><img loading=\"lazy\" decoding=\"async\" width=\"352\" height=\"227\" src=\"https:\/\/foto.geof.unizg.hr\/rs4risk\/wp-content\/uploads\/2025\/04\/gradevina-bez-pozadine.png\" alt=\"\" class=\"wp-image-84\" style=\"width:300px\" srcset=\"https:\/\/rs4risk.geof.hr\/wp-content\/uploads\/2025\/04\/gradevina-bez-pozadine.png 352w, https:\/\/rs4risk.geof.hr\/wp-content\/uploads\/2025\/04\/gradevina-bez-pozadine-300x193.png 300w\" sizes=\"auto, (max-width: 352px) 100vw, 352px\" \/><\/figure>\n\n\n\n<p><a href=\"mailto:ivanp@sumins.hr\"><\/a><a href=\"javascript:startMail('bwvf.cgnynpvt@ne.qahmv.teu');\">josip.atalic@grad.unizg.hr<\/a><\/p>\n\n\n\n<p>Dr. sc. Josip Atali\u0107, izvanredni je profesor na Zavodu za in\u017eenjersku mehaniku GF-a Sveu\u010dili\u0161ta u Zagrebu. Njegova podru\u010dja istra\u017eivanja su seizmi\u010dko in\u017eenjerstvo, povijesne konstrukcije, numeri\u010dko modeliranje, seizmi\u010dki rizik itd. Josip je sudjelovao u nekoliko istra\u017eiva\u010dkih projekata, objavio preko 50 znanstvenih radova, recenzent je za nacionalne i me\u0111unarodne \u010dasopise te je sudjelovao u preko 150 (vodio preko 50) stru\u010dnih radnih projekata (konstrukcijskih projekata). Voditelj je tima stru\u010dnjaka za Nacionalnu procjenu rizika u Republici Hrvatskoj &#8211; Seizmi\u010dki rizik, procjenu sposobnosti upravljanja rizikom i nacionalnu strategiju u suradnji s Dr\u017eavnom upravom za za\u0161titu i spa\u0161avanje (DUZS) i Ministarstvom graditeljstva i prostornog ure\u0111enja Republike Hrvatske (2014.-2018.). Sudjeluje u Studiji o ubla\u017eavanju seizmi\u010dkog rizika u Gradu Zagrebu u suradnji s Uredom za upravljanje u hitnim situacijama Grada Zagreba od 2013. do 2021. (voditelj 2016., 2017. i 2020.). Josip je dio tima MUSAR-a Civilne za\u0161tite RH i \u010dlan je Tematske radne skupine za Sigurnost u nacionalnoj razvojnoj strategiji do 2030. Nakon potresa u Hrvatskoj 2020. godine, Josip je vodio organizaciju procjena \u0161tete i tro\u0161kova obnove za Vladu te je sudjelovao u brojnim strate\u0161kim aktivnostima na dr\u017eavnoj razini. Voditelj je i jedan od osniva\u010da Hrvatskog centra za potresno in\u017eenjerstvo.<\/p>\n<\/div>\n<\/div>\n<\/div>\n\n\n\n<div class=\"wp-block-group is-layout-constrained wp-container-core-group-is-layout-704e782a wp-block-group-is-layout-constrained\">\n<div class=\"wp-block-columns is-layout-flex wp-container-core-columns-is-layout-28f84493 wp-block-columns-is-layout-flex\">\n<div class=\"wp-block-column is-layout-flow wp-block-column-is-layout-flow\" style=\"flex-basis:250px\">\n<figure class=\"wp-block-image size-full is-resized is-style-rounded\"><img loading=\"lazy\" decoding=\"async\" width=\"200\" height=\"200\" src=\"https:\/\/foto.geof.unizg.hr\/rs4risk\/wp-content\/uploads\/2025\/04\/iva-gasp.jpeg\" alt=\"\" class=\"wp-image-110\" style=\"width:250px\" srcset=\"https:\/\/rs4risk.geof.hr\/wp-content\/uploads\/2025\/04\/iva-gasp.jpeg 200w, https:\/\/rs4risk.geof.hr\/wp-content\/uploads\/2025\/04\/iva-gasp-150x150.jpeg 150w\" sizes=\"auto, (max-width: 200px) 100vw, 200px\" \/><\/figure>\n<\/div>\n\n\n\n<div class=\"wp-block-column is-layout-flow wp-block-column-is-layout-flow\" style=\"flex-basis:700px\">\n<div class=\"wp-block-uagb-advanced-heading uagb-block-73cd6d19\"><h2 class=\"uagb-heading-text\">dr. sc.&nbsp;Iva&nbsp;Ga\u0161parovi\u0107<\/h2><\/div>\n\n\n\n<p>Vode\u0107a stru\u010dnjakinja za nabavku podataka<\/p>\n\n\n\n<p>Dr\u017eavna geodetska uprava<\/p>\n\n\n\n<figure class=\"wp-block-image size-full is-resized\"><img decoding=\"async\" src=\"https:\/\/foto.geof.unizg.hr\/mygreenyard\/wp-content\/uploads\/2025\/04\/DGU-logo-2021-1.png\" alt=\"\" class=\"wp-image-156\" style=\"width:400px\"\/><\/figure>\n\n\n\n<p><a href=\"tanja.rodin@dgu.hr\" data-type=\"link\" data-id=\"tanja.rodin@dgu.hr\"><\/a><a href=\"mailto:iva.gasparovic@dgu.hr\">iva.gasparovic@dgu.hr<\/a><\/p>\n\n\n\n<p>Dr. sc. Iva Ga\u0161parovi\u0107, ro\u0111ena je u Rijeci, Republika Hrvatska. Diplomirala je na Geodetskom fakultetu Sveu\u010dili\u0161ta u Zagrebu 2009. godine. Akademski naziv doktora tehni\u010dkih znanosti stekla je 2018. godine na Geodetskom fakultetu Sveu\u010dili\u0161ta u Zagrebu s doktorskim radom Geoprostorne analize potencijala solarne energije u Republici Hrvatskoj primjenom multikriterijskoga odlu\u010divanja. Podru\u010dje njezine stru\u010dnosti je uspostava i implementacija NIPP-a, kreiranje pravnog okvira u NIPP-u i geodeziji, primjena daljinskog istra\u017eivanja, GIS-a i analiza prostornih podataka itd. Od 2015. godine zaposlena je u Dr\u017eavnoj geodetskoj upravi, Sektoru za infrastrukturu prostornih podataka, gdje je trenutno radi kao vi\u0161i savjetnik &#8211; specijalist. Voditeljica je projekta \u201cPove\u0107anje dostupnosti prostornih podataka NIPP-a putem e-usluga\u201d sufinanciranog od strane Europskih strukturnih fondova te voditeljica komponente i kratkoro\u010dna ekspertica na twinning projektu \u201cUnaprje\u0111enje usluga prostornih podataka u Republici Hrvatskoj Moldavija u skladu sa standardima EU\u201d za Republiku Moldaviju. Kao autorica objavila je deset znanstvenih i stru\u010dnih radova u me\u0111unarodnim i doma\u0107im \u010dasopisima i zbornicima. Odr\u017eala je brojna izlaganja na me\u0111unarodnim i doma\u0107im znanstvenim skupovima i radionicama.<\/p>\n<\/div>\n<\/div>\n<\/div>\n\n\n\n<p><\/p>\n\n\n\n<p><\/p>\n","protected":false},"excerpt":{"rendered":"<p>izv. prof. dr. sc.&nbsp;Mateo&nbsp;Ga\u0161parovi\u0107 Voditelj projekta i vode\u0107i stru\u010dnjak za razvoj algoritma i prototipa Geodetski fakultet &#8211; Sveu\u010dili\u0161te u Zagrebu mateo.gasparovic@geof.unizg.hr Dr. sc. Mateo Ga\u0161parovi\u0107 je izvanredni profesor na Katedri za fotogrametriju i daljinsku detekciju na Geodetskom fakultetu. Trenutno je prodekan za nastavu i studente na Geodetskom fakultetu. Ro\u0111en je u Rijeci, Republika Hrvatska. Diplomirao [&hellip;]<\/p>\n","protected":false},"author":2,"featured_media":0,"parent":0,"menu_order":0,"comment_status":"closed","ping_status":"closed","template":"","meta":{"_uag_custom_page_level_css":"","site-sidebar-layout":"default","site-content-layout":"","ast-site-content-layout":"","site-content-style":"default","site-sidebar-style":"default","ast-global-header-display":"","ast-banner-title-visibility":"","ast-main-header-display":"","ast-hfb-above-header-display":"","ast-hfb-below-header-display":"","ast-hfb-mobile-header-display":"","site-post-title":"","ast-breadcrumbs-content":"","ast-featured-img":"","footer-sml-layout":"","theme-transparent-header-meta":"","adv-header-id-meta":"","stick-header-meta":"","header-above-stick-meta":"","header-main-stick-meta":"","header-below-stick-meta":"","astra-migrate-meta-layouts":"default","ast-page-background-enabled":"default","ast-page-background-meta":{"desktop":{"background-color":"var(--ast-global-color-5)","background-image":"","background-repeat":"repeat","background-position":"center center","background-size":"auto","background-attachment":"scroll","background-type":"","background-media":"","overlay-type":"","overlay-color":"","overlay-opacity":"","overlay-gradient":""},"tablet":{"background-color":"","background-image":"","background-repeat":"repeat","background-position":"center center","background-size":"auto","background-attachment":"scroll","background-type":"","background-media":"","overlay-type":"","overlay-color":"","overlay-opacity":"","overlay-gradient":""},"mobile":{"background-color":"","background-image":"","background-repeat":"repeat","background-position":"center center","background-size":"auto","background-attachment":"scroll","background-type":"","background-media":"","overlay-type":"","overlay-color":"","overlay-opacity":"","overlay-gradient":""}},"ast-content-background-meta":{"desktop":{"background-color":"var(--ast-global-color-4)","background-image":"","background-repeat":"repeat","background-position":"center center","background-size":"auto","background-attachment":"scroll","background-type":"","background-media":"","overlay-type":"","overlay-color":"","overlay-opacity":"","overlay-gradient":""},"tablet":{"background-color":"var(--ast-global-color-4)","background-image":"","background-repeat":"repeat","background-position":"center center","background-size":"auto","background-attachment":"scroll","background-type":"","background-media":"","overlay-type":"","overlay-color":"","overlay-opacity":"","overlay-gradient":""},"mobile":{"background-color":"var(--ast-global-color-4)","background-image":"","background-repeat":"repeat","background-position":"center center","background-size":"auto","background-attachment":"scroll","background-type":"","background-media":"","overlay-type":"","overlay-color":"","overlay-opacity":"","overlay-gradient":""}},"footnotes":""},"class_list":["post-26","page","type-page","status-publish","hentry"],"uagb_featured_image_src":{"full":false,"thumbnail":false,"medium":false,"medium_large":false,"large":false,"1536x1536":false,"2048x2048":false},"uagb_author_info":{"display_name":"Ivana Jarak","author_link":"https:\/\/rs4risk.geof.hr\/index.php\/author\/ijarak\/"},"uagb_comment_info":0,"uagb_excerpt":"izv. prof. dr. sc.&nbsp;Mateo&nbsp;Ga\u0161parovi\u0107 Voditelj projekta i vode\u0107i stru\u010dnjak za razvoj algoritma i prototipa Geodetski fakultet &#8211; Sveu\u010dili\u0161te u Zagrebu mateo.gasparovic@geof.unizg.hr Dr. sc. Mateo Ga\u0161parovi\u0107 je izvanredni profesor na Katedri za fotogrametriju i daljinsku detekciju na Geodetskom fakultetu. Trenutno je prodekan za nastavu i studente na Geodetskom fakultetu. Ro\u0111en je u Rijeci, Republika Hrvatska. Diplomirao&hellip;","_links":{"self":[{"href":"https:\/\/rs4risk.geof.hr\/index.php\/wp-json\/wp\/v2\/pages\/26","targetHints":{"allow":["GET"]}}],"collection":[{"href":"https:\/\/rs4risk.geof.hr\/index.php\/wp-json\/wp\/v2\/pages"}],"about":[{"href":"https:\/\/rs4risk.geof.hr\/index.php\/wp-json\/wp\/v2\/types\/page"}],"author":[{"embeddable":true,"href":"https:\/\/rs4risk.geof.hr\/index.php\/wp-json\/wp\/v2\/users\/2"}],"replies":[{"embeddable":true,"href":"https:\/\/rs4risk.geof.hr\/index.php\/wp-json\/wp\/v2\/comments?post=26"}],"version-history":[{"count":4,"href":"https:\/\/rs4risk.geof.hr\/index.php\/wp-json\/wp\/v2\/pages\/26\/revisions"}],"predecessor-version":[{"id":144,"href":"https:\/\/rs4risk.geof.hr\/index.php\/wp-json\/wp\/v2\/pages\/26\/revisions\/144"}],"wp:attachment":[{"href":"https:\/\/rs4risk.geof.hr\/index.php\/wp-json\/wp\/v2\/media?parent=26"}],"curies":[{"name":"wp","href":"https:\/\/api.w.org\/{rel}","templated":true}]}}