{"id":22,"date":"2025-04-28T11:06:55","date_gmt":"2025-04-28T09:06:55","guid":{"rendered":"https:\/\/foto.geof.unizg.hr\/rs4risk\/?page_id=22"},"modified":"2025-04-29T10:53:48","modified_gmt":"2025-04-29T08:53:48","slug":"projektni-parneri","status":"publish","type":"page","link":"https:\/\/rs4risk.geof.hr\/index.php\/projektni-parneri\/","title":{"rendered":"Projektni partneri"},"content":{"rendered":"\n<div class=\"wp-block-uagb-advanced-heading uagb-block-cf076a1a\"><h3 class=\"uagb-heading-text\">Geodetski fakultet \u2013 Sveu\u010dili\u0161te u Zagrebu<\/h3><\/div>\n\n\n\n<p><\/p>\n\n\n\n<figure class=\"wp-block-image size-large is-resized is-style-default\"><img decoding=\"async\" src=\"https:\/\/foto.geof.unizg.hr\/mygreenyard\/wp-content\/uploads\/2025\/04\/geof_unizg_grb-1024x502.png\" alt=\"\" class=\"wp-image-73\" style=\"width:300px\"\/><\/figure>\n\n\n\n<p><a href=\"https:\/\/www.geof.unizg.hr\">https:\/\/www.geof.unizg.hr<\/a><\/p>\n\n\n\n<p>Geodetski fakultet Sveu\u010dili\u0161ta u Zagrebu jedina je hrvatska visoko\u0161kolska ustanova u podru\u010dju geodezije i geoinformatike i najve\u0107i fakultet u tom podru\u010dju u jugoisto\u010dnoj Europi. Geodetski fakultet ima 105 zaposlenika, od \u010dega je oko polovica u znanstveno-nastavnim i znanstvenim zvanjima. Na Geodetskom fakultetu izvode se programi geodezije i geoinformatike na svim razinama (preddiplomski, diplomski, specijalisti\u010dki i poslijediplomski). Geodetski fakultet je nositelj ili partner u mnogim znanstveno-istra\u017eiva\u010dkim i stru\u010dnim projektima te sna\u017eno poti\u010de i sudjeluje u projektima s industrijskim partnerima iz okvira primjene i transfera novih tehnologija i znanja. Ve\u0107inu projekata u kojima GF sudjeluje financira Europska komisija (trenutno 2 ESA projekta, 2 projekta Horizon2020 i nekoliko ESF projekata, Interreg i dr.), ali sudjeluje i u nacionalnim projektima poput projekata Hrvatske zaklade za znanost (trenutno 4 aktivna projekta). Geodetski fakultet godi\u0161nje u prosjeku objavi 40 znanstvenih radova koji su indeksirani u bazi podataka Web of Science (WoS), od \u010dega oko polovice u Q1. Katedra za fotogrametriju i daljinska istra\u017eivanja, koja je i predlaga\u010d ovog projektnog prijedloga, nositelj je istra\u017eivanja u podru\u010dju razvoja naprednih metoda daljinske detekcije i fotogrametrije u Hrvatskoj.<\/p>\n\n\n\n<div class=\"wp-block-uagb-advanced-heading uagb-block-6892ad0b\"><h3 class=\"uagb-heading-text\">Gra\u0111evinski fakultet \u2013 Sveu\u010dili\u0161te u Zagrebu<\/h3><\/div>\n\n\n\n<p><\/p>\n\n\n\n<figure class=\"wp-block-image size-full is-resized\"><img loading=\"lazy\" decoding=\"async\" width=\"352\" height=\"227\" src=\"https:\/\/foto.geof.unizg.hr\/rs4risk\/wp-content\/uploads\/2025\/04\/gradevina-bez-pozadine.png\" alt=\"\" class=\"wp-image-84\" style=\"width:300px\" srcset=\"https:\/\/rs4risk.geof.hr\/wp-content\/uploads\/2025\/04\/gradevina-bez-pozadine.png 352w, https:\/\/rs4risk.geof.hr\/wp-content\/uploads\/2025\/04\/gradevina-bez-pozadine-300x193.png 300w\" sizes=\"auto, (max-width: 352px) 100vw, 352px\" \/><\/figure>\n\n\n\n<p><a href=\"https:\/\/www.grad.unizg.hr\">https:\/\/www.grad.unizg.hr<\/a><\/p>\n\n\n\n<p>Gra\u0111evinski fakultet Sveu\u010dili\u0161ta u Zagrebu najstariji je gra\u0111evinski fakultet u Hrvatskoj koji kontinuirano razvija i unapre\u0111uje visoko obrazovanje, znanstvenoistra\u017eiva\u010dke aktivnosti te aktivno sudjeluje u razvoju struke i implementaciji novih tehnologija. Ima bogato iskustvo u radu na istra\u017eiva\u010dkim, obrazovnim i mre\u017enim projektima (ERASMUS, HORIZON 2020, Marie Curie Innovative Training Networks, EU Regional Development Fund itd.). Stru\u010dnjaci GF-a dugi niz godina sudjeluju u mnogim regionalnim i me\u0111unarodnim znanstvenim projektima, konferencijama i radionicama o potresima, te su autori mnogih radova u regionalnim i me\u0111unarodnim akademskim i znanstvenim \u010dasopisima. GF je izradio procjenu seizmi\u010dkog rizika za Grad Zagreb i Republiku Hrvatsku te je uklju\u010den u timove mehanizma civilne za\u0161tite MUSAR. Unutar fakulteta djeluje Hrvatski centar za potresno in\u017eenjerstvo koji je aktivno uklju\u010den u mnoge aktivnosti zbog procjene potresa i seizmi\u010dkog rizika poput organiziranja sustava za pregled o\u0161te\u0107enih zgrada i vo\u0111enja kriznog sto\u017eera, razvoja baze podataka o strukturnim o\u0161te\u0107enjima zgrada, objavljivanja priru\u010dnika o seizmi\u010dkoj procjeni.<\/p>\n\n\n\n<div class=\"wp-block-uagb-advanced-heading uagb-block-bc3f8702\"><h3 class=\"uagb-heading-text\">Dr\u017eavna geodetska uprava<\/h3><\/div>\n\n\n\n<p><\/p>\n\n\n\n<figure class=\"wp-block-image size-full is-resized\"><img decoding=\"async\" src=\"https:\/\/foto.geof.unizg.hr\/mygreenyard\/wp-content\/uploads\/2025\/04\/DGU-logo-2021.png\" alt=\"\" class=\"wp-image-75\" style=\"width:450px\"\/><\/figure>\n\n\n\n<p><a href=\"https:\/\/dgu.gov.hr\">https:\/\/dgu.gov.hr<\/a><\/p>\n\n\n\n<p>Dr\u017eavna geodetska uprava je dr\u017eavna upravna organizacija osnovana 2000. godine koja obavlja upravne i druge poslove vezane uz geodetsku i katastarsku djelatnost, a posebno razvoj, obnovu i odr\u017eavanje katastra nekretnina, topografsku izmjeru i izradu dr\u017eavnih karata, upravljanje geodetskom dokumentacijom, geodetsko-katastarske poslove za dr\u017eavnu granicu na kopnu, razvoj i primjenu geodetske tehnologije u znanosti, gospodarstvu i drugim djelatnostima u kojima se primjenjuju ili ostvaruju zahvati u prostoru. DGU je zadu\u017eena za osnivanje, stvaranje i odr\u017eavanje Nacionalnog registra zgrada te vo\u0111enje Nacionalne infrastrukture prostornih podataka. DGU obavlja poslove iz svog djelokruga u Sredi\u0161njem uredu u Zagrebu i podru\u010dnim uredima za katastar te ima ~1200 zaposlenika.<\/p>\n\n\n\n<p><\/p>\n","protected":false},"excerpt":{"rendered":"<p>Geodetski fakultet \u2013 Sveu\u010dili\u0161te u Zagrebu https:\/\/www.geof.unizg.hr Geodetski fakultet Sveu\u010dili\u0161ta u Zagrebu jedina je hrvatska visoko\u0161kolska ustanova u podru\u010dju geodezije i geoinformatike i najve\u0107i fakultet u tom podru\u010dju u jugoisto\u010dnoj Europi. Geodetski fakultet ima 105 zaposlenika, od \u010dega je oko polovica u znanstveno-nastavnim i znanstvenim zvanjima. Na Geodetskom fakultetu izvode se programi geodezije i geoinformatike [&hellip;]<\/p>\n","protected":false},"author":2,"featured_media":0,"parent":0,"menu_order":0,"comment_status":"closed","ping_status":"closed","template":"","meta":{"_uag_custom_page_level_css":"","site-sidebar-layout":"default","site-content-layout":"","ast-site-content-layout":"","site-content-style":"default","site-sidebar-style":"default","ast-global-header-display":"","ast-banner-title-visibility":"","ast-main-header-display":"","ast-hfb-above-header-display":"","ast-hfb-below-header-display":"","ast-hfb-mobile-header-display":"","site-post-title":"","ast-breadcrumbs-content":"","ast-featured-img":"","footer-sml-layout":"","theme-transparent-header-meta":"","adv-header-id-meta":"","stick-header-meta":"","header-above-stick-meta":"","header-main-stick-meta":"","header-below-stick-meta":"","astra-migrate-meta-layouts":"default","ast-page-background-enabled":"default","ast-page-background-meta":{"desktop":{"background-color":"var(--ast-global-color-5)","background-image":"","background-repeat":"repeat","background-position":"center center","background-size":"auto","background-attachment":"scroll","background-type":"","background-media":"","overlay-type":"","overlay-color":"","overlay-opacity":"","overlay-gradient":""},"tablet":{"background-color":"","background-image":"","background-repeat":"repeat","background-position":"center center","background-size":"auto","background-attachment":"scroll","background-type":"","background-media":"","overlay-type":"","overlay-color":"","overlay-opacity":"","overlay-gradient":""},"mobile":{"background-color":"","background-image":"","background-repeat":"repeat","background-position":"center center","background-size":"auto","background-attachment":"scroll","background-type":"","background-media":"","overlay-type":"","overlay-color":"","overlay-opacity":"","overlay-gradient":""}},"ast-content-background-meta":{"desktop":{"background-color":"var(--ast-global-color-4)","background-image":"","background-repeat":"repeat","background-position":"center center","background-size":"auto","background-attachment":"scroll","background-type":"","background-media":"","overlay-type":"","overlay-color":"","overlay-opacity":"","overlay-gradient":""},"tablet":{"background-color":"var(--ast-global-color-4)","background-image":"","background-repeat":"repeat","background-position":"center center","background-size":"auto","background-attachment":"scroll","background-type":"","background-media":"","overlay-type":"","overlay-color":"","overlay-opacity":"","overlay-gradient":""},"mobile":{"background-color":"var(--ast-global-color-4)","background-image":"","background-repeat":"repeat","background-position":"center center","background-size":"auto","background-attachment":"scroll","background-type":"","background-media":"","overlay-type":"","overlay-color":"","overlay-opacity":"","overlay-gradient":""}},"footnotes":""},"class_list":["post-22","page","type-page","status-publish","hentry"],"uagb_featured_image_src":{"full":false,"thumbnail":false,"medium":false,"medium_large":false,"large":false,"1536x1536":false,"2048x2048":false},"uagb_author_info":{"display_name":"Ivana Jarak","author_link":"https:\/\/rs4risk.geof.hr\/index.php\/author\/ijarak\/"},"uagb_comment_info":0,"uagb_excerpt":"Geodetski fakultet \u2013 Sveu\u010dili\u0161te u Zagrebu https:\/\/www.geof.unizg.hr Geodetski fakultet Sveu\u010dili\u0161ta u Zagrebu jedina je hrvatska visoko\u0161kolska ustanova u podru\u010dju geodezije i geoinformatike i najve\u0107i fakultet u tom podru\u010dju u jugoisto\u010dnoj Europi. Geodetski fakultet ima 105 zaposlenika, od \u010dega je oko polovica u znanstveno-nastavnim i znanstvenim zvanjima. Na Geodetskom fakultetu izvode se programi geodezije i geoinformatike&hellip;","_links":{"self":[{"href":"https:\/\/rs4risk.geof.hr\/index.php\/wp-json\/wp\/v2\/pages\/22","targetHints":{"allow":["GET"]}}],"collection":[{"href":"https:\/\/rs4risk.geof.hr\/index.php\/wp-json\/wp\/v2\/pages"}],"about":[{"href":"https:\/\/rs4risk.geof.hr\/index.php\/wp-json\/wp\/v2\/types\/page"}],"author":[{"embeddable":true,"href":"https:\/\/rs4risk.geof.hr\/index.php\/wp-json\/wp\/v2\/users\/2"}],"replies":[{"embeddable":true,"href":"https:\/\/rs4risk.geof.hr\/index.php\/wp-json\/wp\/v2\/comments?post=22"}],"version-history":[{"count":4,"href":"https:\/\/rs4risk.geof.hr\/index.php\/wp-json\/wp\/v2\/pages\/22\/revisions"}],"predecessor-version":[{"id":115,"href":"https:\/\/rs4risk.geof.hr\/index.php\/wp-json\/wp\/v2\/pages\/22\/revisions\/115"}],"wp:attachment":[{"href":"https:\/\/rs4risk.geof.hr\/index.php\/wp-json\/wp\/v2\/media?parent=22"}],"curies":[{"name":"wp","href":"https:\/\/api.w.org\/{rel}","templated":true}]}}